{"id":8,"date":"2017-12-20T10:22:08","date_gmt":"2017-12-20T08:22:08","guid":{"rendered":"https:\/\/www.lohikalojenystavat.fi\/?page_id=8"},"modified":"2023-02-03T18:37:16","modified_gmt":"2023-02-03T16:37:16","slug":"yhdistys","status":"publish","type":"page","link":"https:\/\/www.lohikalojenystavat.fi\/index.php\/yhdistys\/","title":{"rendered":"Yhdistys"},"content":{"rendered":"<h1>Saimaan lohikalojen yst\u00e4v\u00e4t ry<\/h1>\n<p>Perustimme vuoden 2016 alussa yhdistyksen, jonka tarkoituksena on osaltaan turvata saimaanlohen ja j\u00e4rvitaimenen elinolosuhteiden paraneminen niiss\u00e4 vesist\u00f6iss\u00e4, miss\u00e4 lohta ja taimenta on aikaisemmin ollut, mutta kanta on hiipunut. T\u00e4llaisia kohteita ovat muun muassa Saimaan vesist\u00f6 sek\u00e4 siit\u00e4 l\u00e4htev\u00e4t joet ja pienet purot.<\/p>\n<p>Saimaanlohi on \u00e4\u00e4rimm\u00e4isen uhanalainen laji sek\u00e4 Pohjois-Karjalan ja Etel\u00e4-Savon maakuntakala. Emme ole kuitenkaan suojeluyhdistys vaan tarkoituksenamme on turvata lohen ja taimenen kalastettavuus jatkossakin.<\/p>\n<p>Yhdistyksemme pyyt\u00e4\u00e4 emokaloja syksyisin Pielisjoessa olevalta Kuurnan padolta, tekee lohikalojen siirtoistutuksia, tiedottaa sek\u00e4 suunnittelee ja toteuttaa Saimaan vesist\u00f6st\u00e4 l\u00e4htevien purojen sek\u00e4 jokien kunnostusta, jolloin lohi- ja taimenkanta voisi niiss\u00e4 jatkossakin lis\u00e4\u00e4nty\u00e4. Vuoden 2017 erityiskunnostuskohteena on S\u00e4imenen vesist\u00f6 Savonrannalla.<\/p>\n<p>Valtioneuvoston kanslia on 12.1.2017 liitt\u00e4nyt \u201dSaimaan lohikalojen yst\u00e4v\u00e4t Ry\u201d hankkeen &#8221;Saimaanlohen elinvoimaisuuden turvaaminen&#8221; Suomen itsen\u00e4isyyden satavuotisjuhlavuoden 2017 ohjelmaan. Valtioneuvoston kanslian ratkaisu perustuu hakemuksessa esitettyyn suunnitelmaan, joka arvioinnin mukaan t\u00e4ytt\u00e4\u00e4 Suomi 100 -hankehallituksen asettamat perusedellytykset Suomi 100 -ohjelmalle.<\/p>\n<p>Mik\u00e4li kiinnostuit yhdistyksest\u00e4mme ota yhteytt\u00e4:<\/p>\n<p>Pekka Huupponen 050\u00a0341 2437<\/p>\n<p>Olli-Pekka Piltonen 040 527 2986<\/p>\n","protected":false},"excerpt":{"rendered":"<p>Saimaan lohikalojen yst\u00e4v\u00e4t ry Perustimme vuoden 2016 alussa yhdistyksen, jonka tarkoituksena on osaltaan turvata saimaanlohen ja j\u00e4rvitaimenen elinolosuhteiden paraneminen niiss\u00e4 vesist\u00f6iss\u00e4, miss\u00e4 lohta ja taimenta on aikaisemmin ollut, mutta kanta on hiipunut. T\u00e4llaisia kohteita ovat muun muassa Saimaan vesist\u00f6 sek\u00e4 siit\u00e4 l\u00e4htev\u00e4t joet ja pienet purot. Saimaanlohi on \u00e4\u00e4rimm\u00e4isen uhanalainen laji sek\u00e4 Pohjois-Karjalan ja Etel\u00e4-Savon maakuntakala. Emme ole kuitenkaan suojeluyhdistys vaan tarkoituksenamme on turvata lohen ja taimenen kalastettavuus jatkossakin. Yhdistyksemme pyyt\u00e4\u00e4 emokaloja syksyisin Pielisjoessa olevalta Kuurnan padolta, tekee lohikalojen siirtoistutuksia, tiedottaa sek\u00e4 suunnittelee ja toteuttaa Saimaan vesist\u00f6st\u00e4 l\u00e4htevien purojen sek\u00e4 jokien kunnostusta, jolloin lohi- ja taimenkanta voisi niiss\u00e4 jatkossakin lis\u00e4\u00e4nty\u00e4. Vuoden 2017 erityiskunnostuskohteena on S\u00e4imenen vesist\u00f6 Savonrannalla. Valtioneuvoston kanslia on 12.1.2017 liitt\u00e4nyt \u201dSaimaan lohikalojen yst\u00e4v\u00e4t Ry\u201d hankkeen &#8221;Saimaanlohen elinvoimaisuuden turvaaminen&#8221; Suomen itsen\u00e4isyyden satavuotisjuhlavuoden 2017 ohjelmaan. Valtioneuvoston kanslian ratkaisu perustuu hakemuksessa esitettyyn suunnitelmaan, joka arvioinnin mukaan t\u00e4ytt\u00e4\u00e4 Suomi 100 -hankehallituksen asettamat perusedellytykset Suomi 100 -ohjelmalle. Mik\u00e4li kiinnostuit yhdistyksest\u00e4mme ota yhteytt\u00e4: Pekka Huupponen 050\u00a0341 2437 Olli-Pekka Piltonen 040 527 2986<\/p>\n","protected":false},"author":1,"featured_media":0,"parent":0,"menu_order":0,"comment_status":"closed","ping_status":"closed","template":"","meta":{"footnotes":""},"class_list":["post-8","page","type-page","status-publish","hentry"],"_links":{"self":[{"href":"https:\/\/www.lohikalojenystavat.fi\/index.php\/wp-json\/wp\/v2\/pages\/8","targetHints":{"allow":["GET"]}}],"collection":[{"href":"https:\/\/www.lohikalojenystavat.fi\/index.php\/wp-json\/wp\/v2\/pages"}],"about":[{"href":"https:\/\/www.lohikalojenystavat.fi\/index.php\/wp-json\/wp\/v2\/types\/page"}],"author":[{"embeddable":true,"href":"https:\/\/www.lohikalojenystavat.fi\/index.php\/wp-json\/wp\/v2\/users\/1"}],"replies":[{"embeddable":true,"href":"https:\/\/www.lohikalojenystavat.fi\/index.php\/wp-json\/wp\/v2\/comments?post=8"}],"version-history":[{"count":5,"href":"https:\/\/www.lohikalojenystavat.fi\/index.php\/wp-json\/wp\/v2\/pages\/8\/revisions"}],"predecessor-version":[{"id":307,"href":"https:\/\/www.lohikalojenystavat.fi\/index.php\/wp-json\/wp\/v2\/pages\/8\/revisions\/307"}],"wp:attachment":[{"href":"https:\/\/www.lohikalojenystavat.fi\/index.php\/wp-json\/wp\/v2\/media?parent=8"}],"curies":[{"name":"wp","href":"https:\/\/api.w.org\/{rel}","templated":true}]}}