{"id":202,"date":"2021-02-12T00:04:44","date_gmt":"2021-02-11T22:04:44","guid":{"rendered":"https:\/\/www.lohikalojenystavat.fi\/?page_id=202"},"modified":"2021-02-12T10:24:07","modified_gmt":"2021-02-12T08:24:07","slug":"yhdistyksen-saannot","status":"publish","type":"page","link":"https:\/\/www.lohikalojenystavat.fi\/index.php\/yhdistyksen-saannot\/","title":{"rendered":"Yhdistyksen s\u00e4\u00e4nn\u00f6t"},"content":{"rendered":"<h1>Yhdistyksen s\u00e4\u00e4nn\u00f6t<\/h1>\n<p class=\"western\"><span style=\"color: #070807;\">1\u00a7 Yhdistyksen nimi ja kotipaikka<\/span><\/p>\n<p class=\"western\"><span style=\"color: #070807;\">Yhdistyksen nimi on Saimaan lohikalojen yst\u00e4v\u00e4t ry ja sen kotipaikka on R\u00e4\u00e4kkyl\u00e4. <\/span><\/p>\n<p class=\"western\"><span style=\"color: #070807;\">2\u00a7 Tarkoitus ja toiminta<\/span><\/p>\n<p class=\"western\"><span style=\"color: #070807;\">Yhdistyksen tarkoituksena on edist\u00e4\u00e4 yhdistyksen kotipaikan alueella luonnon-, ymp\u00e4rist\u00f6n-, vesist\u00f6n- ja maisemansuojelua, sek\u00e4 luonnon kaikinpuolista tuntemusta ja alan tutkimusta.<\/span><\/p>\n<p class=\"western\"><span style=\"color: #070807;\">Tarkoituksensa toteuttamiseksi yhdistys<\/span><\/p>\n<ul>\n<li>\n<p align=\"left\"><span style=\"font-size: small;\"><span style=\"color: #070807;\">j\u00e4rjest\u00e4\u00e4 valistus- ja neuvontatilaisuuksia, sek\u00e4 kokouksia ja<\/span> <span style=\"color: #070807;\">esitelm\u00e4tilaisuuksia<\/span><\/span><\/p>\n<\/li>\n<li>\n<p align=\"left\"><span style=\"font-size: small;\"><span style=\"color: #070807;\">harjoittamaa alan julkaisu-, tutkimus- ja<\/span> <span style=\"color: #070807;\">tiedotustoimintaa<\/span><\/span><\/p>\n<\/li>\n<li>\n<p align=\"left\"><span style=\"font-size: small;\"><span style=\"color: #070807;\">tekee aloitteita ja esityksi\u00e4 viranomaisille ja yhteis\u00f6ille sek\u00e4 ottaa tarpeen mukaan kantaa toimialaansa liittyviss\u00e4<\/span> <span style=\"color: #070807;\">asioissa<\/span><\/span><\/p>\n<\/li>\n<li>\n<p align=\"left\"><span style=\"font-size: small;\"><span style=\"color: #070807;\">j\u00e4rjest\u00e4\u00e4 yleis\u00f6retki\u00e4 ja -leirej\u00e4<\/span> <span style=\"color: #070807;\">luontoon<\/span><\/span><\/p>\n<\/li>\n<li>\n<p align=\"left\"><span style=\"font-size: small;\"><span style=\"color: #070807;\">seuraa paikallisia<\/span> <span style=\"color: #070807;\">ymp\u00e4rist\u00f6nmuutoksia.<\/span><\/span><\/p>\n<\/li>\n<\/ul>\n<p class=\"western\"><span style=\"color: #070807;\">Tarkoituksensa tukemiseksi yhdistys voi<\/span><\/p>\n<ul>\n<li>\n<p align=\"left\"><span style=\"font-size: small;\"><span style=\"color: #070807;\">hakea ja ottaa vastaan<\/span> <span style=\"color: #070807;\">avustuksia<\/span><\/span><\/p>\n<\/li>\n<li>\n<p align=\"left\"><span style=\"font-size: small;\"><span style=\"color: #070807;\">hankkia omistukseensa tai hallintaansa toimintansa kannalta tarpeellista irtainta ja kiinte\u00e4\u00e4 omaisuutta<\/span><\/span><\/p>\n<\/li>\n<li>\n<p align=\"left\"><span style=\"font-size: small;\"><span style=\"color: #070807;\">jarjest\u00e4\u00e4 asianmukaisella luvalla rahanker\u00e4yksi\u00e4 ja arpajaisia. <\/span><\/span><\/p>\n<\/li>\n<\/ul>\n<p class=\"western\"><span style=\"color: #070807;\">3\u00a7 J\u00e4senet<\/span><\/p>\n<p class=\"western\"><span style=\"color: #070807;\">Yhdistyksen varsinaiseksi j\u00e4seneksi voidaan hyv\u00e4ksy\u00e4 henkil\u00f6, joka hyv\u00e4ksyy yhdistyksen tarkoituksen.<\/span><\/p>\n<p class=\"western\"><span style=\"color: #070807;\">Kannattajaj\u00e4seneksi voidaan hyv\u00e4ksy\u00e4 yksityinen henkil\u00f6 tai oikeuskelpoinen yhteis\u00f6, joka haluaa tukea yhdistyksen tarkoitusta ja toimintaa.<\/span><\/p>\n<p class=\"western\"><span style=\"color: #070807;\">Varsinaiset ja kannattajaj\u00e4senet hyv\u00e4ksyy hakemuksesta yhdistyksen hallitus. <\/span><\/p>\n<p class=\"western\"><span style=\"color: #070807;\">4\u00a7 J\u00e4senen oikeudet<\/span><\/p>\n<p class=\"western\"><span style=\"color: #070807;\">Yhdistyksen kokouksessa on jokaisella varsinaisella j\u00e4senell\u00e4 yksi \u00e4\u00e4ni. Kannattajaj\u00e4senell\u00e4 on l\u00e4sn\u00e4olo- ja puheoikeus, mutta ei \u00e4\u00e4nioikeutta.<\/span><\/p>\n<p class=\"western\"><span style=\"color: #070807;\">5\u00a7 J\u00e4senen velvollisuudet<\/span><\/p>\n<p class=\"western\"><span style=\"color: #070807;\">Varsinainen j\u00e4sen on velvollinen maksamaan liittymismaksun ja vuotuisen j\u00e4senmaksun. Kannattajaj\u00e4sen on velvollinen maksamaan liittymismaksun ja vuotuisen kannattajaj\u00e4senmaksun.<\/span><\/p>\n<p class=\"western\"><span style=\"color: #070807;\">6\u00a7 J\u00e4senen eroaminen<\/span><\/p>\n<p class=\"western\"><span style=\"color: #070807;\">J\u00e4senell\u00e4 on oikeus erota yhdistyksest\u00e4 ilmoittamalla siit\u00e4 kirjallisesti hallitukselle tai sen puheenjohtajalle tai ilmoittamalla eroamisesta yhdistyksen kokouksessa p\u00f6yt\u00e4kirjaan merkitt\u00e4v\u00e4ksi.<\/span><\/p>\n<p class=\"western\"><span style=\"color: #070807;\">7\u00a7 J\u00e4senen erottaminen<\/span><\/p>\n<p class=\"western\"><span style=\"color: #070807;\">Hallitus voi erottaa j\u00e4senen yhdistyksest\u00e4, jos j\u00e4sen on j\u00e4tt\u00e4nyt er\u00e4\u00e4ntyneen j\u00e4senmaksunsa maksamatta tai muuten j\u00e4tt\u00e4nyt t\u00e4ytt\u00e4m\u00e4tt\u00e4 ne velvoitukset, joihin h\u00e4n on yhdistykseen liittym\u00e4ll\u00e4 sitoutunut tai on menettelyll\u00e4\u00e4n yhdistyksess\u00e4 tai sen ulkopuolella huomattavasti vahingoittanut yhdistyst\u00e4 tai en\u00e4\u00e4 t\u00e4yt\u00e4 laissa tai s\u00e4\u00e4nn\u00f6iss\u00e4 mainittuja j\u00e4senyyden ehtoja.<\/span><\/p>\n<p class=\"western\"><span style=\"color: #070807;\">8\u00a7 Hallitus<\/span><\/p>\n<p class=\"western\"><span style=\"color: #070807;\">Yhdistyksen hallitukseen kuuluu puheenjohtaja ja v\u00e4hint\u00e4\u00e4n kaksi ja enint\u00e4\u00e4n kahdeksan varsinaista j\u00e4sent\u00e4. Hallitukseen valitaan v\u00e4hintaan yksi ja enint\u00e4\u00e4n yhdeks\u00e4n varaj\u00e4sent\u00e4. Hallitus valitsee keskuudestaan varapuheenjohtajan ja keskuudestaan tai ulkopuoleltaan rahastonhoitajan, sihteerin ja muut tarvittavat toimihenkil\u00f6t. Hallituksen toimikausi on valintakokousten v\u00e4linen aika.<\/span><\/p>\n<p class=\"western\"><span style=\"color: #070807;\">9\u00a7 Yhdistyksen nimen kirjoittaminen<\/span><\/p>\n<p class=\"western\"><span style=\"color: #070807;\">Yhdistyksen nimen kirjoittaa hallituksen puheenjohtaja, varapuheenjohtaja, sihteeri, rahastonhoitaja, kukin yksin.<\/span><\/p>\n<p class=\"western\"><span style=\"color: #070807;\">10\u00a7 Tilikausi<\/span><\/p>\n<p class=\"western\"><span style=\"color: #070807;\">Yhdistyksen tilikausi on<\/span> <span style=\"color: #070807;\">kalenterivuosi.<\/span><\/p>\n<p class=\"western\"><span style=\"color: #070807;\">11\u00a7<\/span> <span style=\"color: #070807;\">Toiminnantarkastus\/Tilintarkastus<\/span><\/p>\n<p class=\"western\"><span style=\"color: #070807;\">Tilinp\u00e4\u00e4t\u00f6s tarvittavine asiakirjoineen ja hallituksen vuosikertomus on annettava toiminnantarkastajille\/tilintarkastajille viimeist\u00e4\u00e4n kuukautta ennen sit\u00e4 kokousta, jossa tilinp\u00e4\u00e4t\u00f6s vahvistetaan. Toiminnantarkastajien\/tilintarkastajien tulee antaa kirjallinen lausuntonsa viimeist\u00e4\u00e4n kaksi viikkoa ennen kyseist\u00e4 kokousta hallitukselle.<\/span><\/p>\n<p class=\"western\"><span style=\"color: #070807;\">12\u00a7 Yhdistyksen kokoukset<\/span><\/p>\n<p class=\"western\"><span style=\"color: #070807;\">Yhdistys pit\u00e4\u00e4 vuosittain yhden varsinaisen kokouksen tammi-toukokuussa. Yhdistyksen vuosikokouksessa k\u00e4sitell\u00e4\u00e4n seuraavat asiat:<\/span><\/p>\n<ol>\n<li>\n<p align=\"left\"><span style=\"font-size: small;\"><span style=\"color: #070807;\">kokouksen<\/span> <span style=\"color: #070807;\">avaus<\/span><\/span><\/p>\n<\/li>\n<li>\n<p align=\"left\"><span style=\"font-size: small;\"><span style=\"color: #070807;\">valitaan kokouksen puheenjohtaja, sihteeri, kaksi p\u00f6yt\u00e4kirjantarkastajaa ja tarvittaessa kaksi<\/span> \u00e4\u00e4<span style=\"color: #070807;\">ntenlaskijaa<\/span><\/span><\/p>\n<\/li>\n<li>\n<p align=\"left\"><span style=\"font-size: small;\"><span style=\"color: #070807;\">todetaan kokouksen laillisuus ja<\/span> <span style=\"color: #070807;\">p\u00e4\u00e4t\u00f6svaltaisuus<\/span><\/span><\/p>\n<\/li>\n<li>\n<p align=\"left\"><span style=\"font-size: small;\"><span style=\"color: #070807;\">hyv\u00e4ksyt\u00e4\u00e4n kokouksen<\/span> <span style=\"color: #070807;\">ty\u00f6j\u00e4rjestys<\/span><\/span><\/p>\n<\/li>\n<li>\n<p align=\"left\"><span style=\"font-size: small;\"><span style=\"color: #070807;\">esitet\u00e4\u00e4n tilinp\u00e4\u00e4t\u00f6s, vuosikertomus ja toiminnantarkastajien\/tilintarkastajien<\/span> <span style=\"color: #070807;\">lausunto<\/span><\/span><\/p>\n<\/li>\n<li>\n<p align=\"left\"><span style=\"font-size: small;\"><span style=\"color: #070807;\">p\u00e4\u00e4tet\u00e4\u00e4n tilinp\u00e4\u00e4t\u00f6ksen vahvistamisesta ja vastuuvapauden my\u00f6nt\u00e4misest\u00e4 hallitukselle ja muille<\/span> <span style=\"color: #070807;\">vastuuvelvollisille<\/span><\/span><\/p>\n<\/li>\n<li>\n<p align=\"left\"><span style=\"font-size: small;\"><span style=\"color: #070807;\">vahvistetaan toimintasuunnitelma sek\u00e4 tulo- ja<\/span> <span style=\"color: #070807;\">menoarvio<\/span><\/span><\/p>\n<\/li>\n<li>\n<p align=\"left\"><span style=\"font-size: small;\"><span style=\"color: #070807;\">vahvistetaan varsinaisten j\u00e4senten liittymis- ja j\u00e4senmaksun suuruus sek\u00e4 kannattajaj\u00e4senten liittymis- ja kannattajaj\u00e4senmaksun<\/span> <span style=\"color: #070807;\">suuruus<\/span><\/span><\/p>\n<\/li>\n<li>\n<p align=\"left\"><span style=\"font-size: small;\"><span style=\"color: #070807;\">valitaan hallitus 8 \u00a7:n<\/span> <span style=\"color: #070807;\">mukaan<\/span><\/span><\/p>\n<\/li>\n<li>\n<p align=\"left\"><span style=\"font-size: small;\"><span style=\"color: #070807;\">valitaan yksi tai kaksi toiminnantarkastajaa ja varatoiminnantarkastajaa taikka yksi tai kaksi tilintarkastajaa ja varatilintarkastajaa tarkastamaan kuluvan tilikauden<\/span> <span style=\"color: #070807;\">tilej\u00e4<\/span><\/span><\/p>\n<\/li>\n<li>\n<p align=\"left\"><span style=\"font-size: small;\"><span style=\"color: #070807;\">k\u00e4sitell\u00e4\u00e4n muut kokouskutsussa mainitut<\/span> <span style=\"color: #070807;\">asiat.<\/span><\/span><\/p>\n<\/li>\n<\/ol>\n<p class=\"western\"><span style=\"color: #070807;\">Mik\u00e4li yhdistyksen j\u00e4sen haluaa saada jonkin asian yhdistyksen vuosikokouksen k\u00e4sitelt\u00e4v\u00e4ksi, on h\u00e4nen ilmoitettava siit\u00e4 kirjallisesti hallitukselle niin hyviss\u00e4 ajoin, ett\u00e4 asia voidaan sis\u00e4llytt\u00e4\u00e4 kokouskutsuun.<\/span><\/p>\n<p class=\"western\"><span style=\"color: #070807;\">13\u00a7 P\u00e4\u00e4t\u00f6ksentekoj\u00e4rjestys<\/span><\/p>\n<p class=\"western\"><span style=\"color: #070807;\">Yhdistyksen kokouksen p\u00e4\u00e4t\u00f6kseksi tulee, ellei s\u00e4\u00e4nn\u00f6issa ole toisin m\u00e4\u00e4r\u00e4tty, se mielipide jota on kannattanut yli puolet annetuista \u00e4\u00e4nist\u00e4.<\/span><\/p>\n<p class=\"western\"><span style=\"color: #070807;\">\u00c4\u00e4nten mennessa tasan ratkaisee kokouksen puheenjohtajan \u00e4\u00e4ni, vaaleissa kuitenkin arpa. <\/span><\/p>\n<p class=\"western\"><span style=\"color: #070807;\">14\u00a7 Ylim\u00e4\u00e4r\u00e4inen kokous<\/span><\/p>\n<p class=\"western\"><span style=\"color: #070807;\">Ylim\u00e4\u00e4r\u00e4inen kokous pidet\u00e4\u00e4n kun yhdistyksen kokous niin p\u00e4\u00e4tt\u00e4\u00e4 tai kun hallitus katsoo siihen olevan aihetta tai kun v\u00e4hint\u00e4\u00e4n kymmenesosa (1\/10) yhdistyksen \u00e4\u00e4nioikeutetuista j\u00e4senist\u00e4 sit\u00e4 hallitukselta erityisesti ilmoitettua asiaa varten kirjallisesti vaatii.<\/span><\/p>\n<p class=\"western\"><span style=\"color: #070807;\">Kokous on pidett\u00e4v\u00e4 kolmenkymmenen vuorokauden kuluessa siit\u00e4, kun vaatimus sen pit\u00e4misest\u00e4 on esitetty hallitukselle.<\/span><\/p>\n<p class=\"western\"><span style=\"color: #070807;\">15\u00a7 Kokouskutsutapa<\/span><\/p>\n<p class=\"western\"><span style=\"color: #070807;\">Hallituksen on kutsuttava yhdistyksen kokoukset koolle v\u00e4hint\u00e4\u00e4n 7 p\u00e4iv\u00e4\u00e4 ennen kokousta<\/span><\/p>\n<ul>\n<li>\n<p align=\"left\"><span style=\"font-size: small;\"><span style=\"color: #070807;\">kirjeitse tai s\u00e4hk\u00f6postitse j\u00e4senen ilmoittamaan<\/span> <span style=\"color: #070807;\">osoitteeseen<\/span><\/span><\/p>\n<\/li>\n<\/ul>\n<p class=\"western\"><span style=\"color: #070807;\">16\u00a7 S\u00e4\u00e4nt\u00f6jen muuttaminen<\/span><\/p>\n<p class=\"western\"><span style=\"color: #070807;\">P\u00e4\u00e4t\u00f6s s\u00e4\u00e4nt\u00f6jen muuttamisesta on teht\u00e4v\u00e4 yhdistyksen kokouksessa v\u00e4hint\u00e4\u00e4n kolmen neljasosan (3\/4) enemmist\u00f6ll\u00e4 annetuista \u00e4\u00e4nist\u00e4.<\/span><\/p>\n<p class=\"western\"><span style=\"color: #070807;\">Kokouskutsussa on mainittava s\u00e4\u00e4nt\u00f6jen muuttamisesta. <\/span><\/p>\n<p class=\"western\"><span style=\"color: #070807;\">17\u00a7 Yhdistyksen purkaminen<\/span><\/p>\n<p class=\"western\"><span style=\"color: #070807;\">P\u00e4\u00e4t\u00f6s yhdistyksen purkamisesta on teht\u00e4v\u00e4 yhdistyksen kokouksessa v\u00e4hint\u00e4\u00e4n kolmen neljasosan enemmist\u00f6lla annetuista \u00e4\u00e4nist\u00e4.<\/span><\/p>\n<p class=\"western\"><span style=\"color: #070807;\">Kokouskutsussa on mainittava yhdistyksen purkamisesta.<\/span><\/p>\n<p class=\"western\"><span style=\"color: #070807;\">Yhdistyksen purkautuessa k\u00e4ytet\u00e4\u00e4n yhdistyksen varat yhdistyksen tarkoituksen edist\u00e4miseen purkamisesta p\u00e4\u00e4tt\u00e4v\u00e4n kokouksen m\u00e4\u00e4r\u00e4\u00e4m\u00e4ll\u00e4 tavalla.<\/span><\/p>\n","protected":false},"excerpt":{"rendered":"<p>Yhdistyksen s\u00e4\u00e4nn\u00f6t 1\u00a7 Yhdistyksen nimi ja kotipaikka Yhdistyksen nimi on Saimaan lohikalojen yst\u00e4v\u00e4t ry ja sen kotipaikka on R\u00e4\u00e4kkyl\u00e4. 2\u00a7 Tarkoitus ja toiminta Yhdistyksen tarkoituksena on edist\u00e4\u00e4 yhdistyksen kotipaikan alueella luonnon-, ymp\u00e4rist\u00f6n-, vesist\u00f6n- ja maisemansuojelua, sek\u00e4 luonnon kaikinpuolista tuntemusta ja alan tutkimusta. Tarkoituksensa toteuttamiseksi yhdistys j\u00e4rjest\u00e4\u00e4 valistus- ja neuvontatilaisuuksia, sek\u00e4 kokouksia ja esitelm\u00e4tilaisuuksia harjoittamaa alan julkaisu-, tutkimus- ja tiedotustoimintaa tekee aloitteita ja esityksi\u00e4 viranomaisille ja yhteis\u00f6ille sek\u00e4 ottaa tarpeen mukaan kantaa toimialaansa liittyviss\u00e4 asioissa j\u00e4rjest\u00e4\u00e4 yleis\u00f6retki\u00e4 ja -leirej\u00e4 luontoon seuraa paikallisia ymp\u00e4rist\u00f6nmuutoksia. Tarkoituksensa tukemiseksi yhdistys voi hakea ja ottaa vastaan avustuksia hankkia omistukseensa tai hallintaansa toimintansa kannalta tarpeellista irtainta ja kiinte\u00e4\u00e4 omaisuutta jarjest\u00e4\u00e4 asianmukaisella luvalla rahanker\u00e4yksi\u00e4 ja arpajaisia. 3\u00a7 J\u00e4senet Yhdistyksen varsinaiseksi j\u00e4seneksi voidaan hyv\u00e4ksy\u00e4 henkil\u00f6, joka hyv\u00e4ksyy yhdistyksen tarkoituksen. Kannattajaj\u00e4seneksi voidaan hyv\u00e4ksy\u00e4 yksityinen henkil\u00f6 tai oikeuskelpoinen yhteis\u00f6, joka haluaa tukea yhdistyksen tarkoitusta ja toimintaa. Varsinaiset ja kannattajaj\u00e4senet hyv\u00e4ksyy hakemuksesta yhdistyksen hallitus. 4\u00a7 J\u00e4senen oikeudet Yhdistyksen kokouksessa on jokaisella varsinaisella j\u00e4senell\u00e4 yksi \u00e4\u00e4ni. Kannattajaj\u00e4senell\u00e4 on l\u00e4sn\u00e4olo- ja puheoikeus, mutta ei \u00e4\u00e4nioikeutta. 5\u00a7 J\u00e4senen velvollisuudet Varsinainen j\u00e4sen on velvollinen maksamaan liittymismaksun ja vuotuisen j\u00e4senmaksun. Kannattajaj\u00e4sen on velvollinen maksamaan liittymismaksun ja vuotuisen kannattajaj\u00e4senmaksun. 6\u00a7 J\u00e4senen eroaminen J\u00e4senell\u00e4 on oikeus erota yhdistyksest\u00e4 ilmoittamalla siit\u00e4 kirjallisesti hallitukselle tai sen puheenjohtajalle tai ilmoittamalla eroamisesta yhdistyksen kokouksessa p\u00f6yt\u00e4kirjaan merkitt\u00e4v\u00e4ksi. 7\u00a7 J\u00e4senen erottaminen Hallitus voi erottaa j\u00e4senen yhdistyksest\u00e4, jos j\u00e4sen on j\u00e4tt\u00e4nyt er\u00e4\u00e4ntyneen j\u00e4senmaksunsa maksamatta tai muuten j\u00e4tt\u00e4nyt t\u00e4ytt\u00e4m\u00e4tt\u00e4 ne velvoitukset, joihin h\u00e4n on yhdistykseen liittym\u00e4ll\u00e4 sitoutunut tai on menettelyll\u00e4\u00e4n yhdistyksess\u00e4 tai sen ulkopuolella huomattavasti vahingoittanut yhdistyst\u00e4 tai en\u00e4\u00e4 t\u00e4yt\u00e4 laissa tai s\u00e4\u00e4nn\u00f6iss\u00e4 mainittuja j\u00e4senyyden ehtoja. 8\u00a7 Hallitus Yhdistyksen hallitukseen kuuluu puheenjohtaja ja v\u00e4hint\u00e4\u00e4n kaksi ja enint\u00e4\u00e4n kahdeksan varsinaista j\u00e4sent\u00e4. Hallitukseen valitaan v\u00e4hintaan yksi ja enint\u00e4\u00e4n yhdeks\u00e4n varaj\u00e4sent\u00e4. Hallitus valitsee keskuudestaan varapuheenjohtajan ja keskuudestaan tai ulkopuoleltaan rahastonhoitajan, sihteerin ja muut tarvittavat toimihenkil\u00f6t. Hallituksen toimikausi on valintakokousten v\u00e4linen aika. 9\u00a7 Yhdistyksen nimen kirjoittaminen Yhdistyksen nimen kirjoittaa hallituksen puheenjohtaja, varapuheenjohtaja, sihteeri, rahastonhoitaja, kukin yksin. 10\u00a7 Tilikausi Yhdistyksen tilikausi on kalenterivuosi. 11\u00a7 Toiminnantarkastus\/Tilintarkastus Tilinp\u00e4\u00e4t\u00f6s tarvittavine asiakirjoineen ja hallituksen vuosikertomus on annettava toiminnantarkastajille\/tilintarkastajille viimeist\u00e4\u00e4n kuukautta ennen sit\u00e4 kokousta, jossa tilinp\u00e4\u00e4t\u00f6s vahvistetaan. Toiminnantarkastajien\/tilintarkastajien tulee antaa kirjallinen lausuntonsa viimeist\u00e4\u00e4n kaksi viikkoa ennen kyseist\u00e4 kokousta hallitukselle. 12\u00a7 Yhdistyksen kokoukset Yhdistys pit\u00e4\u00e4 vuosittain yhden varsinaisen kokouksen tammi-toukokuussa. Yhdistyksen vuosikokouksessa k\u00e4sitell\u00e4\u00e4n seuraavat asiat: kokouksen avaus valitaan kokouksen puheenjohtaja, sihteeri, kaksi p\u00f6yt\u00e4kirjantarkastajaa ja tarvittaessa kaksi \u00e4\u00e4ntenlaskijaa todetaan kokouksen laillisuus ja p\u00e4\u00e4t\u00f6svaltaisuus hyv\u00e4ksyt\u00e4\u00e4n kokouksen ty\u00f6j\u00e4rjestys esitet\u00e4\u00e4n tilinp\u00e4\u00e4t\u00f6s, vuosikertomus ja toiminnantarkastajien\/tilintarkastajien lausunto p\u00e4\u00e4tet\u00e4\u00e4n tilinp\u00e4\u00e4t\u00f6ksen vahvistamisesta ja vastuuvapauden my\u00f6nt\u00e4misest\u00e4 hallitukselle ja muille vastuuvelvollisille vahvistetaan toimintasuunnitelma sek\u00e4 tulo- ja menoarvio vahvistetaan varsinaisten j\u00e4senten liittymis- ja j\u00e4senmaksun suuruus sek\u00e4 kannattajaj\u00e4senten liittymis- ja kannattajaj\u00e4senmaksun suuruus valitaan hallitus 8 \u00a7:n mukaan valitaan yksi tai kaksi toiminnantarkastajaa ja varatoiminnantarkastajaa taikka yksi tai kaksi tilintarkastajaa ja varatilintarkastajaa tarkastamaan kuluvan tilikauden tilej\u00e4 k\u00e4sitell\u00e4\u00e4n muut kokouskutsussa mainitut asiat. Mik\u00e4li yhdistyksen j\u00e4sen haluaa saada jonkin asian yhdistyksen vuosikokouksen k\u00e4sitelt\u00e4v\u00e4ksi, on h\u00e4nen ilmoitettava siit\u00e4 kirjallisesti hallitukselle niin hyviss\u00e4 ajoin, ett\u00e4 asia voidaan sis\u00e4llytt\u00e4\u00e4 kokouskutsuun. 13\u00a7 P\u00e4\u00e4t\u00f6ksentekoj\u00e4rjestys Yhdistyksen kokouksen p\u00e4\u00e4t\u00f6kseksi tulee, ellei s\u00e4\u00e4nn\u00f6issa ole toisin m\u00e4\u00e4r\u00e4tty, se mielipide jota on kannattanut yli puolet annetuista \u00e4\u00e4nist\u00e4. \u00c4\u00e4nten mennessa tasan ratkaisee kokouksen puheenjohtajan \u00e4\u00e4ni, vaaleissa kuitenkin arpa. 14\u00a7 Ylim\u00e4\u00e4r\u00e4inen kokous Ylim\u00e4\u00e4r\u00e4inen kokous pidet\u00e4\u00e4n kun yhdistyksen kokous niin p\u00e4\u00e4tt\u00e4\u00e4 tai kun hallitus katsoo siihen olevan aihetta tai kun v\u00e4hint\u00e4\u00e4n kymmenesosa (1\/10) yhdistyksen \u00e4\u00e4nioikeutetuista j\u00e4senist\u00e4 sit\u00e4 hallitukselta erityisesti ilmoitettua asiaa varten kirjallisesti vaatii. Kokous on pidett\u00e4v\u00e4 kolmenkymmenen vuorokauden kuluessa siit\u00e4, kun vaatimus sen pit\u00e4misest\u00e4 on esitetty hallitukselle. 15\u00a7 Kokouskutsutapa Hallituksen on kutsuttava yhdistyksen kokoukset koolle v\u00e4hint\u00e4\u00e4n 7 p\u00e4iv\u00e4\u00e4 ennen kokousta kirjeitse tai s\u00e4hk\u00f6postitse j\u00e4senen ilmoittamaan osoitteeseen 16\u00a7 S\u00e4\u00e4nt\u00f6jen muuttaminen P\u00e4\u00e4t\u00f6s s\u00e4\u00e4nt\u00f6jen muuttamisesta on teht\u00e4v\u00e4 yhdistyksen kokouksessa v\u00e4hint\u00e4\u00e4n kolmen neljasosan (3\/4) enemmist\u00f6ll\u00e4 annetuista \u00e4\u00e4nist\u00e4. Kokouskutsussa on mainittava s\u00e4\u00e4nt\u00f6jen muuttamisesta. 17\u00a7 Yhdistyksen purkaminen P\u00e4\u00e4t\u00f6s yhdistyksen purkamisesta on teht\u00e4v\u00e4 yhdistyksen kokouksessa v\u00e4hint\u00e4\u00e4n kolmen neljasosan enemmist\u00f6lla annetuista \u00e4\u00e4nist\u00e4. Kokouskutsussa on mainittava yhdistyksen purkamisesta. Yhdistyksen purkautuessa k\u00e4ytet\u00e4\u00e4n yhdistyksen varat yhdistyksen tarkoituksen edist\u00e4miseen purkamisesta p\u00e4\u00e4tt\u00e4v\u00e4n kokouksen m\u00e4\u00e4r\u00e4\u00e4m\u00e4ll\u00e4 tavalla.<\/p>\n","protected":false},"author":5,"featured_media":0,"parent":0,"menu_order":0,"comment_status":"closed","ping_status":"closed","template":"","meta":{"footnotes":""},"class_list":["post-202","page","type-page","status-publish","hentry"],"_links":{"self":[{"href":"https:\/\/www.lohikalojenystavat.fi\/index.php\/wp-json\/wp\/v2\/pages\/202","targetHints":{"allow":["GET"]}}],"collection":[{"href":"https:\/\/www.lohikalojenystavat.fi\/index.php\/wp-json\/wp\/v2\/pages"}],"about":[{"href":"https:\/\/www.lohikalojenystavat.fi\/index.php\/wp-json\/wp\/v2\/types\/page"}],"author":[{"embeddable":true,"href":"https:\/\/www.lohikalojenystavat.fi\/index.php\/wp-json\/wp\/v2\/users\/5"}],"replies":[{"embeddable":true,"href":"https:\/\/www.lohikalojenystavat.fi\/index.php\/wp-json\/wp\/v2\/comments?post=202"}],"version-history":[{"count":15,"href":"https:\/\/www.lohikalojenystavat.fi\/index.php\/wp-json\/wp\/v2\/pages\/202\/revisions"}],"predecessor-version":[{"id":219,"href":"https:\/\/www.lohikalojenystavat.fi\/index.php\/wp-json\/wp\/v2\/pages\/202\/revisions\/219"}],"wp:attachment":[{"href":"https:\/\/www.lohikalojenystavat.fi\/index.php\/wp-json\/wp\/v2\/media?parent=202"}],"curies":[{"name":"wp","href":"https:\/\/api.w.org\/{rel}","templated":true}]}}