{"id":14,"date":"2017-12-20T10:24:13","date_gmt":"2017-12-20T08:24:13","guid":{"rendered":"https:\/\/www.lohikalojenystavat.fi\/?page_id=14"},"modified":"2018-04-28T23:03:20","modified_gmt":"2018-04-28T21:03:20","slug":"uutiset","status":"publish","type":"page","link":"https:\/\/www.lohikalojenystavat.fi\/index.php\/uutiset\/","title":{"rendered":"Uutiset"},"content":{"rendered":"<h1>Uutiset ja media<\/h1>\n<p>&nbsp;<\/p>\n<p><img loading=\"lazy\" decoding=\"async\" class=\"alignnone wp-image-102\" src=\"https:\/\/www.lohikalojenystavat.fi\/wp-content\/uploads\/2017\/12\/suomi100.png\" alt=\"\" width=\"181\" height=\"137\" \/><\/p>\n<p>Valtioneuvoston kanslia on 12.1.2017 liitt\u00e4nyt Saimaan lohikalojen yst\u00e4v\u00e4t Ryn hankkeen &#8221;Saimaanlohen elinvoimaisuuden turvaaminen&#8221; Suomen itsen\u00e4isyyden satavuotisjuhlavuoden 2017 ohjelmaan.<br \/>\nValtioneuvoston kanslian ratkaisu perustuu hakemuksessa esitettyyn suunnitelmaan,. joka arvioinnin mukaan t\u00e4ytt\u00e4\u00e4 Suomi 100 -hankehallituksen asettamat perusedellytykset Suomi 100 -ohjelmalle.<\/p>\n<h2><a href=\"https:\/\/ita-savo.fi\/uutiset\/lahella\/0514b9e7-0962-4a14-b034-70cf14b94038\"><em>Taimenpurojen kunnostus sai<\/em> hankerahaa<em> 25 000 euroa &#8211; talkoita tulee eri puolille It\u00e4-Suomea\u00a0<\/em><\/a><\/h2>\n<p>&#8211;\u00a0 It\u00e4-Savo 13.4.2018<\/p>\n<p>****<\/p>\n<h2><a href=\"http:\/\/www.maaseuduntulevaisuus.fi\/ymp\u00e4rist\u00f6\/artikkeli-1.211590\" target=\"_blank\" rel=\"noopener\">J\u00e4rvilohen kutupyynniss\u00e4 syntyi enn\u00e4tystulos<\/a><\/h2>\n<p>-Maaseudun tulevaisuus 30.10.2017<\/p>\n<p>****<\/p>\n<div class=\"medium-9 columns\">\n<section class=\"main-content\">\n<article id=\"rscontent\" class=\"article-single\">\n<div class=\"article-single-heading\">\n<h2><a href=\"http:\/\/www.maaseuduntulevaisuus.fi\/ymp%C3%A4rist%C3%B6\/j%C3%A4rvilohen-turvaaminen-p%C3%A4%C3%A4si-mukaan-suomi-100-ohjelmaan-1.176380\" target=\"_blank\" rel=\"noopener\">J\u00e4rvilohen turvaaminen p\u00e4\u00e4si mukaan Suomi 100 -ohjelmaan<\/a><\/h2>\n<p>-Maaseudun Tulevaisuus 24.1.2017<\/p>\n<p>****<\/p>\n<h1 data-reactid=\"167\"><a href=\"https:\/\/ita-savo.fi\/uutiset\/lahella\/2b09ec0c-1c81-43ad-9624-59505f2b81ff\" target=\"_blank\" rel=\"noopener\">Yhdistys vahvistamaan Saimaan lohikantoja<\/a><\/h1>\n<p>-It\u00e4-Savo 23.3.2016<\/p>\n<\/div>\n<\/article>\n<\/section>\n<\/div>\n","protected":false},"excerpt":{"rendered":"<p>Uutiset ja media &nbsp; Valtioneuvoston kanslia on 12.1.2017 liitt\u00e4nyt Saimaan lohikalojen yst\u00e4v\u00e4t Ryn hankkeen &#8221;Saimaanlohen elinvoimaisuuden turvaaminen&#8221; Suomen itsen\u00e4isyyden satavuotisjuhlavuoden 2017 ohjelmaan. Valtioneuvoston kanslian ratkaisu perustuu hakemuksessa esitettyyn suunnitelmaan,. joka arvioinnin mukaan t\u00e4ytt\u00e4\u00e4 Suomi 100 -hankehallituksen asettamat perusedellytykset Suomi 100 -ohjelmalle. Taimenpurojen kunnostus sai hankerahaa 25 000 euroa &#8211; talkoita tulee eri puolille It\u00e4-Suomea\u00a0 &#8211;\u00a0 It\u00e4-Savo 13.4.2018 **** J\u00e4rvilohen kutupyynniss\u00e4 syntyi enn\u00e4tystulos -Maaseudun tulevaisuus 30.10.2017 **** J\u00e4rvilohen turvaaminen p\u00e4\u00e4si mukaan Suomi 100 -ohjelmaan -Maaseudun Tulevaisuus 24.1.2017 **** Yhdistys vahvistamaan Saimaan lohikantoja -It\u00e4-Savo 23.3.2016<\/p>\n","protected":false},"author":1,"featured_media":0,"parent":0,"menu_order":0,"comment_status":"closed","ping_status":"closed","template":"","meta":{"footnotes":""},"class_list":["post-14","page","type-page","status-publish","hentry"],"_links":{"self":[{"href":"https:\/\/www.lohikalojenystavat.fi\/index.php\/wp-json\/wp\/v2\/pages\/14","targetHints":{"allow":["GET"]}}],"collection":[{"href":"https:\/\/www.lohikalojenystavat.fi\/index.php\/wp-json\/wp\/v2\/pages"}],"about":[{"href":"https:\/\/www.lohikalojenystavat.fi\/index.php\/wp-json\/wp\/v2\/types\/page"}],"author":[{"embeddable":true,"href":"https:\/\/www.lohikalojenystavat.fi\/index.php\/wp-json\/wp\/v2\/users\/1"}],"replies":[{"embeddable":true,"href":"https:\/\/www.lohikalojenystavat.fi\/index.php\/wp-json\/wp\/v2\/comments?post=14"}],"version-history":[{"count":4,"href":"https:\/\/www.lohikalojenystavat.fi\/index.php\/wp-json\/wp\/v2\/pages\/14\/revisions"}],"predecessor-version":[{"id":153,"href":"https:\/\/www.lohikalojenystavat.fi\/index.php\/wp-json\/wp\/v2\/pages\/14\/revisions\/153"}],"wp:attachment":[{"href":"https:\/\/www.lohikalojenystavat.fi\/index.php\/wp-json\/wp\/v2\/media?parent=14"}],"curies":[{"name":"wp","href":"https:\/\/api.w.org\/{rel}","templated":true}]}}